{"id":3,"date":"2018-12-28T11:40:13","date_gmt":"2018-12-28T10:40:13","guid":{"rendered":"http:\/\/zonesindustrielles.net\/?page_id=3"},"modified":"2022-11-24T16:27:12","modified_gmt":"2022-11-24T15:27:12","slug":"politique-de-confidentialite","status":"publish","type":"page","link":"https:\/\/zonesindustrielles.net\/index.php\/politique-de-confidentialite\/","title":{"rendered":"Politique de confidentialit\u00e9"},"content":{"rendered":"\n<p>R\u00e8gles de confidentialit\u00e9<br>Mise \u00e0 jour : 1er avril 2022<\/p>\n\n\n\n<p>INUTILE DE VOUS RAPPELEZ QU&#8217;EN UTILISANT NOTRE SITE WEB ET\/OU EN NOUS FOURNISSANT DES DONN\u00c9ES PERSONNELLES, VOUS CONSENTEZ \u00c0 CE QUE TOUTES LES DONN\u00c9ES PERSONNELLES QUE VOUS NOUS COMMUNIQUEZ SOIENT TRAIT\u00c9ES PAR NOUS DE LA MANI\u00c8RE ET POUR LES FINALIT\u00c9S D\u00c9FINIES DANS LES R\u00c8GLES DE CONFIDENTIALIT\u00c9 CI-\u200bDESSOUS, ET CE, CONFORM\u00c9MENT AUX LOIS ET R\u00c9GLEMENTATIONS EN VIGUEUR SUR LES DONN\u00c9ES PERSONNELLES ICI AU MAROC COMME AILLEURS.<\/p>\n\n\n\n<p>REGLES DE RESPECT DE LA VIE PRIV\u00c9E<br>A l&#8217;instar des autres sites qui respecte la vie priv\u00e9e des internautes et utilisateurs, tous les \u00e2ges, races et sexes confondus, nous nous engageons \u00e0 prot\u00e9ger et \u00e0 respecter votre vie priv\u00e9e. Cependant, les pr\u00e9sentes r\u00e8gles expliquent les principes r\u00e9gissant la fa\u00e7on dont les donn\u00e9es personnelles que nous collectons sont trait\u00e9es sur notre site. Pour mieux vous servir, nous conservons certaines informations essentielles lorsque vous visitez notre site. Sachez que nous comprenons l\u2019importance de garder ces donn\u00e9es confidentielles et de vous informer de ce que nous en ferons. Peut-\u00eatre d\u00e9ciderez-\u200bvous de nous fournir des informations consid\u00e9r\u00e9es comme des donn\u00e9es personnelles. Dans les pr\u00e9sentes r\u00e8gles, l\u2019expression \u00ab donn\u00e9es personnelles \u00bb d\u00e9signe des informations telles que votre nom, votre adresse mail, votre adresse postale, votre num\u00e9ro de t\u00e9l\u00e9phone ou toute autre donn\u00e9e pouvant servir \u00e0 vous identifier. Vous n\u2019\u00eates pas tenu de communiquer des informations personnelles pour naviguer sur les parties publiques de ce site. Le terme \u00ab site \u00bb englobe le pr\u00e9sent site web, ainsi que toutes nos applications relatives.<\/p>\n\n\n\n<p>QQUIQUI EST RESPONSABLE DU TRAITEMENT DES DONN\u00c9ES ?<br>Ce site appartient au groupe industricom qui \u00e9dite le magazine industrie du maroc et IDM TV qui soutien le developpement \u00e9conomique technique et humain des industries marocaines. Si vous d\u00e9cidez de votre plein gr\u00e9 de cr\u00e9er un compte, de faire un don, un abonnement de demander ou de faire quoi que ce soit qui exige que vous nous communiquiez des donn\u00e9es personnelles, vous acceptez nos r\u00e8gles de confidentialit\u00e9, ainsi que, si le traitement de votre demande l\u2019exige, le stockage de vos donn\u00e9es sur des serveurs situ\u00e9s aux \u00c9tats-Unis ou au monde comme le maroc, vous acceptez la collecte, le traitement, le transfert et le stockage de vos donn\u00e9es personnelles par la Watchtower et les entit\u00e9s associ\u00e9es dans divers pays. Notre soci\u00e9t\u00e9 utilise dans le monde diff\u00e9rentes entit\u00e9s locales. Dans le cadre de la protection des donn\u00e9es, il peut s\u2019agir de congr\u00e9gations locales, de filiales ou d\u2019autres entit\u00e9s qui coop\u00e8rent avec nous.<\/p>\n\n\n\n<p>Le responsable du traitement de vos donn\u00e9es personnelles varie en fonction de la nature de vos interactions avec le site. Par exemple : Si vous faites un paiement online ou un abonnement, votre nom et vos coordonn\u00e9es fournis lors de la proc\u00e9dure seront transmis \u00e0 cette entit\u00e9. Autre exemple : Si vous demandez une information un abonnement ou vous faites un commentaire, votre nom et vos coordonn\u00e9es seront transmis \u00e0 nos partenaires et enregistr\u00e9s pour donner suite \u00e0 votre demande.<\/p>\n\n\n\n<p>CONFIDENTIALIT\u00c9 DES DONN\u00c9ES ET S\u00c9CURIT\u00c9<br>Nous prenons tr\u00e8s au s\u00e9rieux la s\u00e9curit\u00e9 et la confidentialit\u00e9 de vos donn\u00e9es personnelles. Nous utilisons des techniques r\u00e9centes de stockage et de s\u00e9curisation des donn\u00e9es pour prot\u00e9ger vos donn\u00e9es personnelles contre tout acc\u00e8s non autoris\u00e9, toute utilisation ou divulgation abusives, toute modification non autoris\u00e9e, toute destruction illicite ou toute perte accidentelle. Tous les sous-traitants de donn\u00e9es personnelles et tout tiers dont nous employons les services pour traiter vos donn\u00e9es personnelles sont dans l\u2019obligation de respecter la confidentialit\u00e9 de vos informations. Nous ne conservons vos donn\u00e9es personnelles qu\u2019aussi longtemps qu\u2019il est raisonnablement n\u00e9cessaire de le faire afin de r\u00e9pondre aux finalit\u00e9s pour lesquelles les donn\u00e9es ont \u00e9t\u00e9 recueillies ou \u00e0 toute obligation l\u00e9gale de d\u00e9claration ou de conservation des documents qui nous est impos\u00e9e.<\/p>\n\n\n\n<p>Nous prot\u00e9geons vos donn\u00e9es personnelles durant leur transmission par des protocoles de chiffrement tels que TLS (Transport Layer Security). Nous utilisons des syst\u00e8mes informatiques \u00e0 acc\u00e8s limit\u00e9, h\u00e9berg\u00e9s par des installations b\u00e9n\u00e9ficiant de mesures de s\u00e9curit\u00e9 physiques, \u00e9lectroniques et proc\u00e9durales pour prot\u00e9ger la confidentialit\u00e9 et la s\u00e9curit\u00e9 des informations qui nous sont transmises. Nous observons des normes strictes de s\u00e9curit\u00e9 pour emp\u00eacher tout acc\u00e8s non autoris\u00e9.<\/p>\n\n\n\n<p>CONCERNANT LES MINEURS<br>Inutile de vous rappeler si vous \u00eates mineur dans le pays depuis lequel vous acc\u00e9dez \u00e0 notre site, vous ne pouvez communiquer vos donn\u00e9es personnelles sur le site qu\u2019avec le consentement de votre (vos) parent(s) ou tuteur(s). Si vous \u00eates parent(s) ou tuteur(s) et que vous consentiez \u00e0 ce qu\u2019un mineur communique des donn\u00e9es personnelles sur ce site, vous acceptez les pr\u00e9sentes r\u00e8gles de confidentialit\u00e9 concernant l\u2019utilisation du site par le mineur.<\/p>\n\n\n\n<p>LES TIERS<br>Ce site contient parfois des liens vers des tiers dont nous employons les services (par exemple pour remplir des formulaires en ligne). Vous saurez que vous \u00eates sur le site d\u2019un tiers parce qu\u2019il n\u2019aura pas la m\u00eame pr\u00e9sentation et que l\u2019adresse Internet dans la barre d\u2019adresse de votre navigateur aura chang\u00e9. Au moment de choisir un tiers, puis r\u00e9guli\u00e8rement ensuite, nous v\u00e9rifions ses r\u00e8gles de confidentialit\u00e9 et de protection des donn\u00e9es pour nous assurer qu\u2019elles soient conformes aux n\u00f4tres. Si vous avez des questions sur les r\u00e8gles de confidentialit\u00e9 d\u2019un tiers, veuillez les consulter sur son site.<\/p>\n\n\n\n<p>AVIS DE MODIFICATION DES PR\u00c9SENTES R\u00c8GLES<br>Pour plus de s\u00e9curit\u00e9 et dans le cadre de nos r\u00e9gles de s\u00e9curit\u00e9, nous ne cessons d\u2019am\u00e9liorer le fonctionnement de notre site et d\u2019y ajouter des fonctionnalit\u00e9s, ainsi que d\u2019am\u00e9liorer et d\u2019\u00e9largir nos services actuels. En raison de ces modifications constantes et des changements dans la l\u00e9gislation et la technologie, notre pratique en mati\u00e8re de donn\u00e9es personnelle sera modifi\u00e9e de temps en temps. Quand des modifications s\u2019av\u00e9reront n\u00e9cessaires, nous les publierons sur cette page pour que vous sachiez toujours quelles donn\u00e9es nous recueillons et quel usage nous en faisons.<\/p>\n\n\n\n<p>SCRIPTS ET JAVASCRIPT<br>Comme pour tous les sites nous utilisons des scripts pour am\u00e9liorer les fonctionnalit\u00e9s de ce site. Ces scripts permettent de fournir les informations demand\u00e9es plus rapidement. Nous ne nous en servons jamais pour installer des logiciels sur votre ordinateur ni pour recueillir des renseignements sans votre autorisation.<\/p>\n\n\n\n<p>Pour que diff\u00e9rentes parties du site fonctionnent correctement, les scripts ou le code JavaScript doivent \u00eatre activ\u00e9s dans le navigateur. La majorit\u00e9 des navigateurs permettent d\u2019activer ou de d\u00e9sactiver les scripts pour certains sites. Consultez l\u2019Aide de votre navigateur pour savoir comment autoriser les scripts sur les sites de votre choix.<\/p>\n\n\n\n<p>Vos choix<br>Vous pouvez, bien entendu, refuser de partager vos informations personnellement identifiables \u00e0 travers nos dites et applications, auquel cas Industricom ne sera pas en mesure de vous fournir certains services. Vous pouvez mettre \u00e0 jour ou rectifier les informations de votre profil personnel et pr\u00e9f\u00e9rences d\u2019email en tout temps en visitant la page de votre profil. Veuillez noter que des fichiers multim\u00e9dia d\u00e9pos\u00e9s par des utilisateurs sur nes sites ne peuvent pas \u00eatre supprim\u00e9s et restent soumis \u00e0 nos Conditions de service.<\/p>\n\n\n\n<p>Afin de prot\u00e9ger votre vie priv\u00e9e et votre s\u00e9curit\u00e9, nous prenons des mesures justifi\u00e9es (comme demander un mot de passe unique) pour v\u00e9rifier votre identit\u00e9 avant toute autorisation d\u2019acc\u00e8s \u00e0 votre profil ou de sa modification. Vous \u00eates responsable du maintien de la confidentialit\u00e9 de votre mot de passe unique et de toutes informations relatives \u00e0 votre compte en tout temps.<\/p>\n\n\n\n<p>POUR TOUTE INFORMATIONS, R\u00c9CLAMATION OU SUGGESTION<\/p>\n\n\n\n<p>Si vous avez des questions, des r\u00e9clamations, des suggestions ou commentaires concernant les pr\u00e9sentes r\u00e8gles de confidentialit\u00e9 ou les sites Industricom, contactez nous par email \u00e0 contact@industries.com<\/p>\n","protected":false},"excerpt":{"rendered":"<p>R\u00e8gles de confidentialit\u00e9Mise \u00e0 jour : 1er avril 2022 INUTILE DE VOUS RAPPELEZ QU&#8217;EN UTILISANT NOTRE SITE WEB ET\/OU EN NOUS FOURNISSANT DES DONN\u00c9ES PERSONNELLES, VOUS CONSENTEZ \u00c0 CE QUE TOUTES LES DONN\u00c9ES PERSONNELLES QUE VOUS NOUS COMMUNIQUEZ SOIENT TRAIT\u00c9ES PAR NOUS DE LA MANI\u00c8RE ET POUR LES FINALIT\u00c9S D\u00c9FINIES DANS LES R\u00c8GLES DE CONFIDENTIALIT\u00c9 [&hellip;]<\/p>\n","protected":false},"author":1,"featured_media":0,"parent":0,"menu_order":0,"comment_status":"closed","ping_status":"open","template":"","meta":[],"_links":{"self":[{"href":"https:\/\/zonesindustrielles.net\/index.php\/wp-json\/wp\/v2\/pages\/3"}],"collection":[{"href":"https:\/\/zonesindustrielles.net\/index.php\/wp-json\/wp\/v2\/pages"}],"about":[{"href":"https:\/\/zonesindustrielles.net\/index.php\/wp-json\/wp\/v2\/types\/page"}],"author":[{"embeddable":true,"href":"https:\/\/zonesindustrielles.net\/index.php\/wp-json\/wp\/v2\/users\/1"}],"replies":[{"embeddable":true,"href":"https:\/\/zonesindustrielles.net\/index.php\/wp-json\/wp\/v2\/comments?post=3"}],"version-history":[{"count":1,"href":"https:\/\/zonesindustrielles.net\/index.php\/wp-json\/wp\/v2\/pages\/3\/revisions"}],"predecessor-version":[{"id":845,"href":"https:\/\/zonesindustrielles.net\/index.php\/wp-json\/wp\/v2\/pages\/3\/revisions\/845"}],"wp:attachment":[{"href":"https:\/\/zonesindustrielles.net\/index.php\/wp-json\/wp\/v2\/media?parent=3"}],"curies":[{"name":"wp","href":"https:\/\/api.w.org\/{rel}","templated":true}]}}